{"id":39,"date":"2017-08-29T08:17:44","date_gmt":"2017-08-29T08:17:44","guid":{"rendered":"http:\/\/demo.qkthemes.net\/constrix\/?page_id=39"},"modified":"2020-08-21T04:32:50","modified_gmt":"2020-08-21T04:32:50","slug":"about-us","status":"publish","type":"page","link":"http:\/\/consultoraaspro.com.ar\/empresa\/about-us\/","title":{"rendered":"Sobre Nosotros"},"content":{"rendered":"\t\t<div data-elementor-type=\"wp-page\" data-elementor-id=\"39\" class=\"elementor elementor-39\">\n\t\t\t\t\t\t<section class=\"elementor-section elementor-top-section elementor-element elementor-element-vhzf0gz about-box elementor-section-boxed elementor-section-height-default elementor-section-height-default\" data-id=\"vhzf0gz\" data-element_type=\"section\" data-e-type=\"section\">\n\t\t\t\t\t\t<div class=\"elementor-container elementor-column-gap-default\">\n\t\t\t\t\t<div class=\"elementor-column elementor-col-50 elementor-top-column elementor-element elementor-element-leykmyr about-post\" data-id=\"leykmyr\" data-element_type=\"column\" data-e-type=\"column\">\n\t\t\t<div class=\"elementor-widget-wrap elementor-element-populated\">\n\t\t\t\t\t\t<div class=\"elementor-element elementor-element-d3u6u9w elementor-widget elementor-widget-image\" data-id=\"d3u6u9w\" data-element_type=\"widget\" data-e-type=\"widget\" data-widget_type=\"image.default\">\n\t\t\t\t<div class=\"elementor-widget-container\">\n\t\t\t\t\t\t\t\t\t\t\t\t\t\t\t<img fetchpriority=\"high\" decoding=\"async\" width=\"570\" height=\"300\" src=\"http:\/\/consultoraaspro.com.ar\/empresa\/wp-content\/uploads\/2017\/08\/ab1.jpg\" class=\"attachment-full size-full wp-image-42\" alt=\"\" srcset=\"http:\/\/consultoraaspro.com.ar\/empresa\/wp-content\/uploads\/2017\/08\/ab1.jpg 570w, http:\/\/consultoraaspro.com.ar\/empresa\/wp-content\/uploads\/2017\/08\/ab1-300x158.jpg 300w\" sizes=\"(max-width: 570px) 100vw, 570px\" \/>\t\t\t\t\t\t\t\t\t\t\t\t\t\t\t<\/div>\n\t\t\t\t<\/div>\n\t\t\t\t<div class=\"elementor-element elementor-element-d5rh2wz elementor-widget elementor-widget-text-editor\" data-id=\"d5rh2wz\" data-element_type=\"widget\" data-e-type=\"widget\" data-widget_type=\"text-editor.default\">\n\t\t\t\t<div class=\"elementor-widget-container\">\n\t\t\t\t\t\t\t\t\t<h2>Visi\u00f3n, Misi\u00f3n y Objetivo<\/h2><p><span lang=\"ES-AR\">Visi\u00f3n: Conformar una empresa l\u00edder apoyando nuestra gesti\u00f3n en la formaci\u00f3n, desarrollo y conservaci\u00f3n de un equipo humano altamente profesional con una genuina vocaci\u00f3n de servicio y los m\u00e1s elevados principios \u00e9ticos<\/span><\/p><p><span lang=\"ES-AR\">Misi\u00f3n: Ofrecer servicios respaldados por el respeto, el profesionalismo, la responsabilidad y la \u00e9tica como as\u00ed tambi\u00e9n frente a cada b\u00fasqueda de personal<\/span><\/p><p><span lang=\"ES-AR\" style=\"font-size: 11.0pt; line-height: 115%; font-family: 'Calibri','sans-serif'; mso-ascii-theme-font: minor-latin; mso-fareast-font-family: Calibri; mso-fareast-theme-font: minor-latin; mso-hansi-theme-font: minor-latin; mso-bidi-font-family: 'Times New Roman'; mso-bidi-theme-font: minor-bidi; mso-ansi-language: ES-AR; mso-fareast-language: EN-US; mso-bidi-language: AR-SA;\">Objetivo: Brindar a nuestros clientes soluciones integrales, a trav\u00e9s de los m\u00e1s altos est\u00e1ndares de calidad y servicio, y cumplir en tiempo y forma nuestros compromisos<\/span><\/p>\t\t\t\t\t\t\t\t<\/div>\n\t\t\t\t<\/div>\n\t\t\t\t\t<\/div>\n\t\t<\/div>\n\t\t\t\t<div class=\"elementor-column elementor-col-50 elementor-top-column elementor-element elementor-element-yl6knu1 about-post\" data-id=\"yl6knu1\" data-element_type=\"column\" data-e-type=\"column\">\n\t\t\t<div class=\"elementor-widget-wrap elementor-element-populated\">\n\t\t\t\t\t\t<div class=\"elementor-element elementor-element-gf8inmi elementor-widget elementor-widget-image\" data-id=\"gf8inmi\" data-element_type=\"widget\" data-e-type=\"widget\" data-widget_type=\"image.default\">\n\t\t\t\t<div class=\"elementor-widget-container\">\n\t\t\t\t\t\t\t\t\t\t\t\t\t\t\t<img decoding=\"async\" width=\"570\" height=\"300\" src=\"http:\/\/consultoraaspro.com.ar\/empresa\/wp-content\/uploads\/2017\/08\/ab2.jpg\" class=\"attachment-full size-full wp-image-43\" alt=\"\" srcset=\"http:\/\/consultoraaspro.com.ar\/empresa\/wp-content\/uploads\/2017\/08\/ab2.jpg 570w, http:\/\/consultoraaspro.com.ar\/empresa\/wp-content\/uploads\/2017\/08\/ab2-300x158.jpg 300w\" sizes=\"(max-width: 570px) 100vw, 570px\" \/>\t\t\t\t\t\t\t\t\t\t\t\t\t\t\t<\/div>\n\t\t\t\t<\/div>\n\t\t\t\t<div class=\"elementor-element elementor-element-xxmrygj elementor-widget elementor-widget-text-editor\" data-id=\"xxmrygj\" data-element_type=\"widget\" data-e-type=\"widget\" data-widget_type=\"text-editor.default\">\n\t\t\t\t<div class=\"elementor-widget-container\">\n\t\t\t\t\t\t\t\t\t<h2>Historia<\/h2><p>Consultora Aspro S.R.L. es una Empresa dedicada \u00a0a la prestaci\u00f3n de servicios de Seguridad e Higiene en el trabajo y a la B\u00fasqueda y Selecci\u00f3n de Personal. Cuenta con un equipo integrado por un grupo de profesionales en constante aprendizaje y capacitaci\u00f3n que tienen como objetivo orientar a los clientes hacia la b\u00fasqueda de excelencia, implementando procedimientos para la administraci\u00f3n de riesgos en materia de Seguridad e Higiene industrial, desde su identificaci\u00f3n y evaluaci\u00f3n hasta la correcci\u00f3n de los mismos.<\/p><p>Consultora Aspro S.R.L. encara cada uno de sus trabajos con Responsabilidad y Compromiso y tiene como prioridad satisfacer los requisitos de los Clientes, para ello mantiene un permanente contacto que le permite generar confianza y captar correctamente las necesidades de las Empresas que los contratan.<\/p>\t\t\t\t\t\t\t\t<\/div>\n\t\t\t\t<\/div>\n\t\t\t\t\t<\/div>\n\t\t<\/div>\n\t\t\t\t\t<\/div>\n\t\t<\/section>\n\t\t\t\t<section class=\"elementor-section elementor-top-section elementor-element elementor-element-xlg29lf statistic-box elementor-section-boxed elementor-section-height-default elementor-section-height-default\" data-id=\"xlg29lf\" data-element_type=\"section\" data-e-type=\"section\">\n\t\t\t\t\t\t<div class=\"elementor-container elementor-column-gap-default\">\n\t\t\t\t\t<div class=\"elementor-column elementor-col-33 elementor-top-column elementor-element elementor-element-64oduj8\" data-id=\"64oduj8\" data-element_type=\"column\" data-e-type=\"column\">\n\t\t\t<div class=\"elementor-widget-wrap elementor-element-populated\">\n\t\t\t\t\t\t<div class=\"elementor-element elementor-element-k4pt3dv elementor-widget elementor-widget-html\" data-id=\"k4pt3dv\" data-element_type=\"widget\" data-e-type=\"widget\" data-widget_type=\"html.default\">\n\t\t\t\t<div class=\"elementor-widget-container\">\n\t\t\t\t\t<div class=\"statistic-post\">\n\t<p class=\"timer-elem\"><span class=\"timer\" data-from=\"0\" data-to=\"326\"><\/span><\/p>\n\t<h3>Proyectos Terminados<\/h3>\n\t<p>Totales<\/p>\n<\/div>\t\t\t\t<\/div>\n\t\t\t\t<\/div>\n\t\t\t\t\t<\/div>\n\t\t<\/div>\n\t\t\t\t<div class=\"elementor-column elementor-col-33 elementor-top-column elementor-element elementor-element-fw454uu\" data-id=\"fw454uu\" data-element_type=\"column\" data-e-type=\"column\">\n\t\t\t<div class=\"elementor-widget-wrap elementor-element-populated\">\n\t\t\t\t\t\t<div class=\"elementor-element elementor-element-ekxxttx elementor-widget elementor-widget-html\" data-id=\"ekxxttx\" data-element_type=\"widget\" data-e-type=\"widget\" data-widget_type=\"html.default\">\n\t\t\t\t<div class=\"elementor-widget-container\">\n\t\t\t\t\t<div class=\"statistic-post\">\n\t<p class=\"timer-elem\"><span class=\"timer\" data-from=\"0\" data-to=\"18\"><\/span><\/p>\n\t<h3>En Proceso<\/h3>\n\t<p>Totales<\/p>\n<\/div>\t\t\t\t<\/div>\n\t\t\t\t<\/div>\n\t\t\t\t\t<\/div>\n\t\t<\/div>\n\t\t\t\t<div class=\"elementor-column elementor-col-33 elementor-top-column elementor-element elementor-element-na55hk6\" data-id=\"na55hk6\" data-element_type=\"column\" data-e-type=\"column\">\n\t\t\t<div class=\"elementor-widget-wrap elementor-element-populated\">\n\t\t\t\t\t\t<div class=\"elementor-element elementor-element-1sljpun elementor-widget elementor-widget-html\" data-id=\"1sljpun\" data-element_type=\"widget\" data-e-type=\"widget\" data-widget_type=\"html.default\">\n\t\t\t\t<div class=\"elementor-widget-container\">\n\t\t\t\t\t<div class=\"statistic-post\">\n\t<p class=\"timer-elem\"><span class=\"timer\" data-from=\"0\" data-to=\"580\"><\/span><\/p>\n\t<h3>Clientes Satisfechos<\/h3>\n\t<p><\/p>\n<\/div>\t\t\t\t<\/div>\n\t\t\t\t<\/div>\n\t\t\t\t\t<\/div>\n\t\t<\/div>\n\t\t\t\t\t<\/div>\n\t\t<\/section>\n\t\t\t\t<\/div>\n\t\t","protected":false},"excerpt":{"rendered":"<p>Visi\u00f3n, Misi\u00f3n y Objetivo Visi\u00f3n: Conformar una empresa l\u00edder apoyando nuestra gesti\u00f3n en la formaci\u00f3n, desarrollo y conservaci\u00f3n de un equipo humano altamente profesional con una genuina vocaci\u00f3n de servicio y los m\u00e1s elevados principios \u00e9ticos Misi\u00f3n: Ofrecer servicios respaldados por el respeto, el profesionalismo, la responsabilidad y la \u00e9tica como as\u00ed tambi\u00e9n frente a&#8230;<\/p>\n","protected":false},"author":2,"featured_media":0,"parent":0,"menu_order":0,"comment_status":"closed","ping_status":"closed","template":"template-page_builder.php","meta":{"footnotes":""},"class_list":["post-39","page","type-page","status-publish","hentry"],"_links":{"self":[{"href":"http:\/\/consultoraaspro.com.ar\/empresa\/wp-json\/wp\/v2\/pages\/39","targetHints":{"allow":["GET"]}}],"collection":[{"href":"http:\/\/consultoraaspro.com.ar\/empresa\/wp-json\/wp\/v2\/pages"}],"about":[{"href":"http:\/\/consultoraaspro.com.ar\/empresa\/wp-json\/wp\/v2\/types\/page"}],"author":[{"embeddable":true,"href":"http:\/\/consultoraaspro.com.ar\/empresa\/wp-json\/wp\/v2\/users\/2"}],"replies":[{"embeddable":true,"href":"http:\/\/consultoraaspro.com.ar\/empresa\/wp-json\/wp\/v2\/comments?post=39"}],"version-history":[{"count":8,"href":"http:\/\/consultoraaspro.com.ar\/empresa\/wp-json\/wp\/v2\/pages\/39\/revisions"}],"predecessor-version":[{"id":334,"href":"http:\/\/consultoraaspro.com.ar\/empresa\/wp-json\/wp\/v2\/pages\/39\/revisions\/334"}],"wp:attachment":[{"href":"http:\/\/consultoraaspro.com.ar\/empresa\/wp-json\/wp\/v2\/media?parent=39"}],"curies":[{"name":"wp","href":"https:\/\/api.w.org\/{rel}","templated":true}]}}