{"id":294,"date":"2019-09-17T22:42:38","date_gmt":"2019-09-17T22:42:38","guid":{"rendered":"http:\/\/consultoraaspro.com.ar\/empresa\/?page_id=294"},"modified":"2019-09-17T22:43:42","modified_gmt":"2019-09-17T22:43:42","slug":"prestacion-de-personal","status":"publish","type":"page","link":"http:\/\/consultoraaspro.com.ar\/empresa\/our-services\/prestacion-de-personal\/","title":{"rendered":"Prestaci\u00f3n de Personal"},"content":{"rendered":"\t\t<div data-elementor-type=\"wp-page\" data-elementor-id=\"294\" class=\"elementor elementor-294\">\n\t\t\t\t\t\t<section class=\"elementor-section elementor-top-section elementor-element elementor-element-c47ec50 elementor-section-boxed elementor-section-height-default elementor-section-height-default\" data-id=\"c47ec50\" data-element_type=\"section\" data-e-type=\"section\">\n\t\t\t\t\t\t<div class=\"elementor-container elementor-column-gap-default\">\n\t\t\t\t\t<div class=\"elementor-column elementor-col-100 elementor-top-column elementor-element elementor-element-e2f4735\" data-id=\"e2f4735\" data-element_type=\"column\" data-e-type=\"column\">\n\t\t\t<div class=\"elementor-widget-wrap elementor-element-populated\">\n\t\t\t\t\t\t<section class=\"elementor-section elementor-inner-section elementor-element elementor-element-356b6e2 elementor-section-boxed elementor-section-height-default elementor-section-height-default\" data-id=\"356b6e2\" data-element_type=\"section\" data-e-type=\"section\">\n\t\t\t\t\t\t<div class=\"elementor-container elementor-column-gap-default\">\n\t\t\t\t\t<div class=\"elementor-column elementor-col-50 elementor-inner-column elementor-element elementor-element-8e812c9\" data-id=\"8e812c9\" data-element_type=\"column\" data-e-type=\"column\">\n\t\t\t<div class=\"elementor-widget-wrap elementor-element-populated\">\n\t\t\t\t\t\t<div class=\"elementor-element elementor-element-88010f5 elementor-widget elementor-widget-image\" data-id=\"88010f5\" data-element_type=\"widget\" data-e-type=\"widget\" data-widget_type=\"image.default\">\n\t\t\t\t<div class=\"elementor-widget-container\">\n\t\t\t\t\t\t\t\t\t\t\t\t\t\t\t<img decoding=\"async\" width=\"200\" height=\"200\" src=\"http:\/\/consultoraaspro.com.ar\/empresa\/wp-content\/uploads\/2019\/09\/casco.png\" class=\"attachment-large size-large wp-image-242\" alt=\"\" srcset=\"http:\/\/consultoraaspro.com.ar\/empresa\/wp-content\/uploads\/2019\/09\/casco.png 200w, http:\/\/consultoraaspro.com.ar\/empresa\/wp-content\/uploads\/2019\/09\/casco-150x150.png 150w\" sizes=\"(max-width: 200px) 100vw, 200px\" \/>\t\t\t\t\t\t\t\t\t\t\t\t\t\t\t<\/div>\n\t\t\t\t<\/div>\n\t\t\t\t\t<\/div>\n\t\t<\/div>\n\t\t\t\t<div class=\"elementor-column elementor-col-50 elementor-inner-column elementor-element elementor-element-a8f04ba\" data-id=\"a8f04ba\" data-element_type=\"column\" data-e-type=\"column\">\n\t\t\t<div class=\"elementor-widget-wrap elementor-element-populated\">\n\t\t\t\t\t\t<div class=\"elementor-element elementor-element-00dcf73 elementor-widget elementor-widget-text-editor\" data-id=\"00dcf73\" data-element_type=\"widget\" data-e-type=\"widget\" data-widget_type=\"text-editor.default\">\n\t\t\t\t<div class=\"elementor-widget-container\">\n\t\t\t\t\t\t\t\t\t<ul><li>Evaluando las necesidades de nuestros clientes desarrollamos un proceso de selecci\u00f3n,<br \/>aplicando todas las t\u00e9cnicas tradicionales y modernas, sin limitarnos a teor\u00edas, sino a<br \/>pr\u00e1cticas con resultados visibles y garantizados.<\/li><\/ul><ul><li>Con una comunicaci\u00f3n permanente con los clientes, les ofrecemos una respuesta<br \/>inmediata y flexible a sus necesidades<\/li><\/ul>\t\t\t\t\t\t\t\t<\/div>\n\t\t\t\t<\/div>\n\t\t\t\t\t<\/div>\n\t\t<\/div>\n\t\t\t\t\t<\/div>\n\t\t<\/section>\n\t\t\t\t\t<\/div>\n\t\t<\/div>\n\t\t\t\t\t<\/div>\n\t\t<\/section>\n\t\t\t\t<\/div>\n\t\t","protected":false},"excerpt":{"rendered":"<p>Evaluando las necesidades de nuestros clientes desarrollamos un proceso de selecci\u00f3n,aplicando todas las t\u00e9cnicas tradicionales y modernas, sin limitarnos a teor\u00edas, sino apr\u00e1cticas con resultados visibles y garantizados. Con una comunicaci\u00f3n permanente con los clientes, les ofrecemos una respuestainmediata y flexible a sus necesidades<\/p>\n","protected":false},"author":2,"featured_media":0,"parent":68,"menu_order":0,"comment_status":"closed","ping_status":"closed","template":"template-page_builder.php","meta":{"footnotes":""},"class_list":["post-294","page","type-page","status-publish","hentry"],"_links":{"self":[{"href":"http:\/\/consultoraaspro.com.ar\/empresa\/wp-json\/wp\/v2\/pages\/294","targetHints":{"allow":["GET"]}}],"collection":[{"href":"http:\/\/consultoraaspro.com.ar\/empresa\/wp-json\/wp\/v2\/pages"}],"about":[{"href":"http:\/\/consultoraaspro.com.ar\/empresa\/wp-json\/wp\/v2\/types\/page"}],"author":[{"embeddable":true,"href":"http:\/\/consultoraaspro.com.ar\/empresa\/wp-json\/wp\/v2\/users\/2"}],"replies":[{"embeddable":true,"href":"http:\/\/consultoraaspro.com.ar\/empresa\/wp-json\/wp\/v2\/comments?post=294"}],"version-history":[{"count":2,"href":"http:\/\/consultoraaspro.com.ar\/empresa\/wp-json\/wp\/v2\/pages\/294\/revisions"}],"predecessor-version":[{"id":296,"href":"http:\/\/consultoraaspro.com.ar\/empresa\/wp-json\/wp\/v2\/pages\/294\/revisions\/296"}],"up":[{"embeddable":true,"href":"http:\/\/consultoraaspro.com.ar\/empresa\/wp-json\/wp\/v2\/pages\/68"}],"wp:attachment":[{"href":"http:\/\/consultoraaspro.com.ar\/empresa\/wp-json\/wp\/v2\/media?parent=294"}],"curies":[{"name":"wp","href":"https:\/\/api.w.org\/{rel}","templated":true}]}}